{"id":17,"date":"2025-02-22T23:33:17","date_gmt":"2025-02-22T23:33:17","guid":{"rendered":"http:\/\/4mw.dfirma.pl\/?page_id=17"},"modified":"2025-05-06T19:37:13","modified_gmt":"2025-05-06T19:37:13","slug":"uslugi","status":"publish","type":"page","link":"https:\/\/4mw.dfirma.pl\/en\/uslugi\/","title":{"rendered":"Service"},"content":{"rendered":"<div data-elementor-type=\"wp-page\" data-elementor-id=\"17\" class=\"elementor elementor-17\" data-elementor-post-type=\"page\">\n\t\t\t\t\t\t<header class=\"elementor-section elementor-top-section elementor-element elementor-element-2da45d6b elementor-section-stretched elementor-section-height-min-height elementor-section-boxed elementor-section-height-default elementor-section-items-middle\" data-id=\"2da45d6b\" data-element_type=\"section\" data-settings=\"{&quot;stretch_section&quot;:&quot;section-stretched&quot;,&quot;background_background&quot;:&quot;classic&quot;}\">\n\t\t\t\t\t\t\t<div class=\"elementor-background-overlay\"><\/div>\n\t\t\t\t\t\t\t<div class=\"elementor-container elementor-column-gap-default\">\n\t\t\t\t\t<div class=\"elementor-column elementor-col-100 elementor-top-column elementor-element elementor-element-5dd6681f\" data-id=\"5dd6681f\" data-element_type=\"column\">\n\t\t\t<div class=\"elementor-widget-wrap elementor-element-populated\">\n\t\t\t\t\t\t<div class=\"elementor-element elementor-element-a40b289 elementor-invisible elementor-widget elementor-widget-heading\" data-id=\"a40b289\" data-element_type=\"widget\" data-settings=\"{&quot;_animation&quot;:&quot;fadeInDown&quot;,&quot;_animation_delay&quot;:200}\" data-widget_type=\"heading.default\">\n\t\t\t\t<div class=\"elementor-widget-container\">\n\t\t\t\t\t<h1 class=\"elementor-heading-title elementor-size-default\">Service<\/h1>\t\t\t\t<\/div>\n\t\t\t\t<\/div>\n\t\t\t\t\t<\/div>\n\t\t<\/div>\n\t\t\t\t\t<\/div>\n\t\t<\/header>\n\t\t\t\t<section class=\"elementor-section elementor-top-section elementor-element elementor-element-26bab9a5 elementor-section-boxed elementor-section-height-default elementor-section-height-default\" data-id=\"26bab9a5\" data-element_type=\"section\" data-settings=\"{&quot;background_background&quot;:&quot;classic&quot;}\">\n\t\t\t\t\t\t<div class=\"elementor-container elementor-column-gap-default\">\n\t\t\t\t\t<div class=\"elementor-column elementor-col-50 elementor-top-column elementor-element elementor-element-793ec143\" data-id=\"793ec143\" data-element_type=\"column\" data-settings=\"{&quot;background_background&quot;:&quot;classic&quot;}\">\n\t\t\t<div class=\"elementor-widget-wrap elementor-element-populated\">\n\t\t\t\t\t\t<div class=\"elementor-element elementor-element-67f141cd language-switchable-image elementor-invisible elementor-widget elementor-widget-image\" data-id=\"67f141cd\" data-element_type=\"widget\" id=\"language-switchable-image\" data-settings=\"{&quot;_animation&quot;:&quot;zoomIn&quot;}\" data-widget_type=\"image.default\">\n\t\t\t\t<div class=\"elementor-widget-container\">\n\t\t\t\t\t\t\t\t\t\t\t\t\t\t\t<img fetchpriority=\"high\" decoding=\"async\" width=\"896\" height=\"1280\" src=\"https:\/\/4mw.dfirma.pl\/wp-content\/uploads\/2025\/05\/Optymalizacja-procesow-pl-eng.png\" class=\"attachment-full size-full wp-image-748\" alt=\"\" srcset=\"https:\/\/4mw.dfirma.pl\/wp-content\/uploads\/2025\/05\/Optymalizacja-procesow-pl-eng.png 896w, https:\/\/4mw.dfirma.pl\/wp-content\/uploads\/2025\/05\/Optymalizacja-procesow-pl-eng-210x300.png 210w, https:\/\/4mw.dfirma.pl\/wp-content\/uploads\/2025\/05\/Optymalizacja-procesow-pl-eng-717x1024.png 717w, https:\/\/4mw.dfirma.pl\/wp-content\/uploads\/2025\/05\/Optymalizacja-procesow-pl-eng-768x1097.png 768w\" sizes=\"(max-width: 896px) 100vw, 896px\" \/>\t\t\t\t\t\t\t\t\t\t\t\t\t\t\t<\/div>\n\t\t\t\t<\/div>\n\t\t\t\t\t<\/div>\n\t\t<\/div>\n\t\t\t\t<div class=\"elementor-column elementor-col-50 elementor-top-column elementor-element elementor-element-5616b5c\" data-id=\"5616b5c\" data-element_type=\"column\" id=\"optymalizacja\" data-settings=\"{&quot;background_background&quot;:&quot;classic&quot;}\">\n\t\t\t<div class=\"elementor-widget-wrap elementor-element-populated\">\n\t\t\t\t\t\t<div class=\"elementor-element elementor-element-19ca2986 elementor-invisible elementor-widget elementor-widget-heading\" data-id=\"19ca2986\" data-element_type=\"widget\" data-settings=\"{&quot;_animation&quot;:&quot;fadeInDown&quot;}\" data-widget_type=\"heading.default\">\n\t\t\t\t<div class=\"elementor-widget-container\">\n\t\t\t\t\t<h2 class=\"elementor-heading-title elementor-size-default\">Process optimization<\/h2>\t\t\t\t<\/div>\n\t\t\t\t<\/div>\n\t\t\t\t<div class=\"elementor-element elementor-element-5e79d6ba elementor-widget elementor-widget-text-editor\" data-id=\"5e79d6ba\" data-element_type=\"widget\" data-widget_type=\"text-editor.default\">\n\t\t\t\t<div class=\"elementor-widget-container\">\n\t\t\t\t\t\t\t\t\t<p>We help you improve your processes by:<\/p><ul><li><strong>Audit of current processes<\/strong> - we analyze existing procedures, identifying areas that need improvement.<\/li><li><strong>Identifying areas for improvement<\/strong> - we indicate which elements of the business can be optimized to improve efficiency and reduce costs.<\/li><li><strong>Implementation of effective solutions<\/strong> - we offer specific changes that will improve your daily work, improve communication, and speed up your business goals.<\/li><li><strong>Team Training<\/strong> - we make sure that employees are ready to implement new solutions and use tools to improve efficiency.<\/li><\/ul>\t\t\t\t\t\t\t\t<\/div>\n\t\t\t\t<\/div>\n\t\t\t\t\t<\/div>\n\t\t<\/div>\n\t\t\t\t\t<\/div>\n\t\t<\/section>\n\t\t\t\t<section class=\"elementor-section elementor-top-section elementor-element elementor-element-7cff4159 elementor-reverse-mobile elementor-section-boxed elementor-section-height-default elementor-section-height-default\" data-id=\"7cff4159\" data-element_type=\"section\" data-settings=\"{&quot;background_background&quot;:&quot;classic&quot;}\">\n\t\t\t\t\t\t<div class=\"elementor-container elementor-column-gap-default\">\n\t\t\t\t\t<div class=\"elementor-column elementor-col-50 elementor-top-column elementor-element elementor-element-2ca1148e\" data-id=\"2ca1148e\" data-element_type=\"column\" id=\"raporty\" data-settings=\"{&quot;background_background&quot;:&quot;classic&quot;}\">\n\t\t\t<div class=\"elementor-widget-wrap elementor-element-populated\">\n\t\t\t\t\t\t<div class=\"elementor-element elementor-element-3fd5e6b elementor-invisible elementor-widget elementor-widget-heading\" data-id=\"3fd5e6b\" data-element_type=\"widget\" data-settings=\"{&quot;_animation&quot;:&quot;fadeInDown&quot;}\" data-widget_type=\"heading.default\">\n\t\t\t\t<div class=\"elementor-widget-container\">\n\t\t\t\t\t<h2 class=\"elementor-heading-title elementor-size-default\">P &amp; L Reports<\/h2>\t\t\t\t<\/div>\n\t\t\t\t<\/div>\n\t\t\t\t<div class=\"elementor-element elementor-element-47fd50cf elementor-widget elementor-widget-text-editor\" data-id=\"47fd50cf\" data-element_type=\"widget\" data-widget_type=\"text-editor.default\">\n\t\t\t\t<div class=\"elementor-widget-container\">\n\t\t\t\t\t\t\t\t\t<p>We create detailed income and expense reports to help you:<\/p><ul><li><strong>Understanding the company&#039;s financial structure<\/strong> - Transparent P &amp; L reports allow you to see where your revenue comes from, what your costs are, and what your business &#039; profitability looks like.<\/li><li><strong>Identify areas that need optimization<\/strong> - we indicate which activities bring losses and which bring the greatest profit, helping to better allocate resources.<\/li><li><strong>Plan your development based on a budget<\/strong> - we provide financial analytics that can easily be converted into a detailed budget that will allow you to effectively predict future results and minimize risks.<\/li><li><strong>Make informed business decisions<\/strong> - with comprehensive reports, you have a complete picture of the financial situation, and you can make decisions that will increase the stability and growth of your business.<\/li><\/ul>\t\t\t\t\t\t\t\t<\/div>\n\t\t\t\t<\/div>\n\t\t\t\t\t<\/div>\n\t\t<\/div>\n\t\t\t\t<div class=\"elementor-column elementor-col-50 elementor-top-column elementor-element elementor-element-6f3543f2\" data-id=\"6f3543f2\" data-element_type=\"column\" data-settings=\"{&quot;background_background&quot;:&quot;classic&quot;}\">\n\t\t\t<div class=\"elementor-widget-wrap elementor-element-populated\">\n\t\t\t\t\t\t<div class=\"elementor-element elementor-element-3140c0fa elementor-invisible elementor-widget elementor-widget-image\" data-id=\"3140c0fa\" data-element_type=\"widget\" data-settings=\"{&quot;_animation&quot;:&quot;zoomIn&quot;}\" data-widget_type=\"image.default\">\n\t\t\t\t<div class=\"elementor-widget-container\">\n\t\t\t\t\t\t\t\t\t\t\t\t\t\t\t<img decoding=\"async\" width=\"896\" height=\"1280\" src=\"https:\/\/4mw.dfirma.pl\/wp-content\/uploads\/2025\/02\/uslugi-1.png\" class=\"attachment-full size-full wp-image-350\" alt=\"Raporty P&amp;L\" srcset=\"https:\/\/4mw.dfirma.pl\/wp-content\/uploads\/2025\/02\/uslugi-1.png 896w, https:\/\/4mw.dfirma.pl\/wp-content\/uploads\/2025\/02\/uslugi-1-210x300.png 210w, https:\/\/4mw.dfirma.pl\/wp-content\/uploads\/2025\/02\/uslugi-1-717x1024.png 717w, https:\/\/4mw.dfirma.pl\/wp-content\/uploads\/2025\/02\/uslugi-1-768x1097.png 768w\" sizes=\"(max-width: 896px) 100vw, 896px\" \/>\t\t\t\t\t\t\t\t\t\t\t\t\t\t\t<\/div>\n\t\t\t\t<\/div>\n\t\t\t\t\t<\/div>\n\t\t<\/div>\n\t\t\t\t\t<\/div>\n\t\t<\/section>\n\t\t\t\t<section class=\"elementor-section elementor-top-section elementor-element elementor-element-51febe8a elementor-section-boxed elementor-section-height-default elementor-section-height-default\" data-id=\"51febe8a\" data-element_type=\"section\" data-settings=\"{&quot;background_background&quot;:&quot;classic&quot;}\">\n\t\t\t\t\t\t<div class=\"elementor-container elementor-column-gap-default\">\n\t\t\t\t\t<div class=\"elementor-column elementor-col-50 elementor-top-column elementor-element elementor-element-5aad8cef\" data-id=\"5aad8cef\" data-element_type=\"column\" data-settings=\"{&quot;background_background&quot;:&quot;classic&quot;}\">\n\t\t\t<div class=\"elementor-widget-wrap elementor-element-populated\">\n\t\t\t\t\t\t<div class=\"elementor-element elementor-element-a17f271 elementor-invisible elementor-widget elementor-widget-image\" data-id=\"a17f271\" data-element_type=\"widget\" data-settings=\"{&quot;_animation&quot;:&quot;zoomIn&quot;}\" data-widget_type=\"image.default\">\n\t\t\t\t<div class=\"elementor-widget-container\">\n\t\t\t\t\t\t\t\t\t\t\t\t\t\t\t<img decoding=\"async\" width=\"896\" height=\"1280\" src=\"https:\/\/4mw.dfirma.pl\/wp-content\/uploads\/2025\/02\/uslugi-2.png\" class=\"attachment-full size-full wp-image-351\" alt=\"Precyzyjne KPI\" srcset=\"https:\/\/4mw.dfirma.pl\/wp-content\/uploads\/2025\/02\/uslugi-2.png 896w, https:\/\/4mw.dfirma.pl\/wp-content\/uploads\/2025\/02\/uslugi-2-210x300.png 210w, https:\/\/4mw.dfirma.pl\/wp-content\/uploads\/2025\/02\/uslugi-2-717x1024.png 717w, https:\/\/4mw.dfirma.pl\/wp-content\/uploads\/2025\/02\/uslugi-2-768x1097.png 768w\" sizes=\"(max-width: 896px) 100vw, 896px\" \/>\t\t\t\t\t\t\t\t\t\t\t\t\t\t\t<\/div>\n\t\t\t\t<\/div>\n\t\t\t\t\t<\/div>\n\t\t<\/div>\n\t\t\t\t<div class=\"elementor-column elementor-col-50 elementor-top-column elementor-element elementor-element-95be32b\" data-id=\"95be32b\" data-element_type=\"column\" id=\"kpi\" data-settings=\"{&quot;background_background&quot;:&quot;classic&quot;}\">\n\t\t\t<div class=\"elementor-widget-wrap elementor-element-populated\">\n\t\t\t\t\t\t<div class=\"elementor-element elementor-element-4549e47f elementor-invisible elementor-widget elementor-widget-heading\" data-id=\"4549e47f\" data-element_type=\"widget\" data-settings=\"{&quot;_animation&quot;:&quot;fadeInDown&quot;}\" data-widget_type=\"heading.default\">\n\t\t\t\t<div class=\"elementor-widget-container\">\n\t\t\t\t\t<h2 class=\"elementor-heading-title elementor-size-default\">KPI - Key Performance Indicators<\/h2>\t\t\t\t<\/div>\n\t\t\t\t<\/div>\n\t\t\t\t<div class=\"elementor-element elementor-element-54a1161 elementor-widget elementor-widget-text-editor\" data-id=\"54a1161\" data-element_type=\"widget\" data-widget_type=\"text-editor.default\">\n\t\t\t\t<div class=\"elementor-widget-container\">\n\t\t\t\t\t\t\t\t\t<p>KPIs, or key performance indicators, are the key to business performance. With our help, we will implement them in your company, and their constant monitoring will allow you to: m.in:<\/p><ul><li><strong>Measure the effectiveness of your teams<\/strong> - we identify key metrics that allow you to monitor your team&#039;s productivity and performance.<\/li><li><strong>Optimize your processes<\/strong> - we help identify bottlenecks and eliminate inefficient actions to improve productivity and reduce costs.<\/li><li><strong>Make better decisions<\/strong> - with accurate metrics, you have access to reliable data that will allow you to act strategically and perform better.<\/li><li><strong>Scale your business more efficiently<\/strong> - KPIs allow you to track your company&#039;s growth and adapt your strategy to changing market conditions.<\/li><\/ul>\t\t\t\t\t\t\t\t<\/div>\n\t\t\t\t<\/div>\n\t\t\t\t\t<\/div>\n\t\t<\/div>\n\t\t\t\t\t<\/div>\n\t\t<\/section>\n\t\t\t\t<section class=\"elementor-section elementor-top-section elementor-element elementor-element-0749075 elementor-section-full_width elementor-section-height-default elementor-section-height-default\" data-id=\"0749075\" data-element_type=\"section\" data-settings=\"{&quot;background_background&quot;:&quot;classic&quot;}\">\n\t\t\t\t\t\t\t<div class=\"elementor-background-overlay\"><\/div>\n\t\t\t\t\t\t\t<div class=\"elementor-container elementor-column-gap-default\">\n\t\t\t\t\t<div class=\"elementor-column elementor-col-100 elementor-top-column elementor-element elementor-element-360d03f\" data-id=\"360d03f\" data-element_type=\"column\">\n\t\t\t<div class=\"elementor-widget-wrap elementor-element-populated\">\n\t\t\t\t\t\t<div class=\"elementor-element elementor-element-7818b08 elementor-invisible elementor-widget elementor-widget-heading\" data-id=\"7818b08\" data-element_type=\"widget\" data-settings=\"{&quot;_animation&quot;:&quot;fadeInLeft&quot;,&quot;_animation_delay&quot;:200}\" data-widget_type=\"heading.default\">\n\t\t\t\t<div class=\"elementor-widget-container\">\n\t\t\t\t\t<h2 class=\"elementor-heading-title elementor-size-default\"><strong data-start=\"20\" data-end=\"57\">Invest in the development of your business!<\/strong><\/h2>\t\t\t\t<\/div>\n\t\t\t\t<\/div>\n\t\t\t\t<div class=\"elementor-element elementor-element-d091754 elementor-widget elementor-widget-heading\" data-id=\"d091754\" data-element_type=\"widget\" data-widget_type=\"heading.default\">\n\t\t\t\t<div class=\"elementor-widget-container\">\n\t\t\t\t\t<h3 class=\"elementor-heading-title elementor-size-default\">Take advantage of our services that will increase the efficiency and profitability of your business.<\/h3>\t\t\t\t<\/div>\n\t\t\t\t<\/div>\n\t\t\t\t<div class=\"elementor-element elementor-element-4b5481c elementor-align-center elementor-widget elementor-widget-button\" data-id=\"4b5481c\" data-element_type=\"widget\" data-widget_type=\"button.default\">\n\t\t\t\t<div class=\"elementor-widget-container\">\n\t\t\t\t\t\t\t\t\t<div class=\"elementor-button-wrapper\">\n\t\t\t\t\t<a class=\"elementor-button elementor-button-link elementor-size-sm\" href=\"https:\/\/4mw.dfirma.pl\/en\/kontakt\/\">\n\t\t\t\t\t\t<span class=\"elementor-button-content-wrapper\">\n\t\t\t\t\t\t\t\t\t<span class=\"elementor-button-text\">Find out how we can help you<\/span>\n\t\t\t\t\t<\/span>\n\t\t\t\t\t<\/a>\n\t\t\t\t<\/div>\n\t\t\t\t\t\t\t\t<\/div>\n\t\t\t\t<\/div>\n\t\t\t\t\t<\/div>\n\t\t<\/div>\n\t\t\t\t\t<\/div>\n\t\t<\/section>\n\t\t\t\t<\/div>","protected":false},"excerpt":{"rendered":"<p>Us\u0142ugi Optymalizacje proces\u00f3w Pomagamy usprawni\u0107 procesy poprzez: Audyt obecnych proces\u00f3w \u2013 analizujemy istniej\u0105ce procedury, identyfikuj\u0105c obszary wymagaj\u0105ce ulepsze\u0144. Identyfikacj\u0119 obszar\u00f3w [&hellip;]<\/p>","protected":false},"author":1,"featured_media":0,"parent":0,"menu_order":0,"comment_status":"closed","ping_status":"closed","template":"","meta":{"site-sidebar-layout":"no-sidebar","site-content-layout":"","ast-site-content-layout":"full-width-container","site-content-style":"default","site-sidebar-style":"default","ast-global-header-display":"","ast-banner-title-visibility":"","ast-main-header-display":"","ast-hfb-above-header-display":"","ast-hfb-below-header-display":"","ast-hfb-mobile-header-display":"","site-post-title":"disabled","ast-breadcrumbs-content":"","ast-featured-img":"disabled","footer-sml-layout":"","theme-transparent-header-meta":"","adv-header-id-meta":"","stick-header-meta":"","header-above-stick-meta":"","header-main-stick-meta":"","header-below-stick-meta":"","astra-migrate-meta-layouts":"default","ast-page-background-enabled":"default","ast-page-background-meta":{"desktop":{"background-color":"var(--ast-global-color-5)","background-image":"","background-repeat":"repeat","background-position":"center center","background-size":"auto","background-attachment":"scroll","background-type":"","background-media":"","overlay-type":"","overlay-color":"","overlay-opacity":"","overlay-gradient":""},"tablet":{"background-color":"","background-image":"","background-repeat":"repeat","background-position":"center center","background-size":"auto","background-attachment":"scroll","background-type":"","background-media":"","overlay-type":"","overlay-color":"","overlay-opacity":"","overlay-gradient":""},"mobile":{"background-color":"","background-image":"","background-repeat":"repeat","background-position":"center center","background-size":"auto","background-attachment":"scroll","background-type":"","background-media":"","overlay-type":"","overlay-color":"","overlay-opacity":"","overlay-gradient":""}},"ast-content-background-meta":{"desktop":{"background-color":"var(--ast-global-color-4)","background-image":"","background-repeat":"repeat","background-position":"center center","background-size":"auto","background-attachment":"scroll","background-type":"","background-media":"","overlay-type":"","overlay-color":"","overlay-opacity":"","overlay-gradient":""},"tablet":{"background-color":"var(--ast-global-color-4)","background-image":"","background-repeat":"repeat","background-position":"center center","background-size":"auto","background-attachment":"scroll","background-type":"","background-media":"","overlay-type":"","overlay-color":"","overlay-opacity":"","overlay-gradient":""},"mobile":{"background-color":"var(--ast-global-color-4)","background-image":"","background-repeat":"repeat","background-position":"center center","background-size":"auto","background-attachment":"scroll","background-type":"","background-media":"","overlay-type":"","overlay-color":"","overlay-opacity":"","overlay-gradient":""}},"footnotes":""},"class_list":["post-17","page","type-page","status-publish","hentry"],"_links":{"self":[{"href":"https:\/\/4mw.dfirma.pl\/en\/wp-json\/wp\/v2\/pages\/17","targetHints":{"allow":["GET"]}}],"collection":[{"href":"https:\/\/4mw.dfirma.pl\/en\/wp-json\/wp\/v2\/pages"}],"about":[{"href":"https:\/\/4mw.dfirma.pl\/en\/wp-json\/wp\/v2\/types\/page"}],"author":[{"embeddable":true,"href":"https:\/\/4mw.dfirma.pl\/en\/wp-json\/wp\/v2\/users\/1"}],"replies":[{"embeddable":true,"href":"https:\/\/4mw.dfirma.pl\/en\/wp-json\/wp\/v2\/comments?post=17"}],"version-history":[{"count":85,"href":"https:\/\/4mw.dfirma.pl\/en\/wp-json\/wp\/v2\/pages\/17\/revisions"}],"predecessor-version":[{"id":751,"href":"https:\/\/4mw.dfirma.pl\/en\/wp-json\/wp\/v2\/pages\/17\/revisions\/751"}],"wp:attachment":[{"href":"https:\/\/4mw.dfirma.pl\/en\/wp-json\/wp\/v2\/media?parent=17"}],"curies":[{"name":"wp","href":"https:\/\/api.w.org\/{rel}","templated":true}]}}