{"id":15,"date":"2025-02-22T23:32:06","date_gmt":"2025-02-22T23:32:06","guid":{"rendered":"http:\/\/4mw.dfirma.pl\/?page_id=15"},"modified":"2025-04-12T23:20:45","modified_gmt":"2025-04-12T23:20:45","slug":"o-nas","status":"publish","type":"page","link":"https:\/\/4mw.dfirma.pl\/en\/o-nas\/","title":{"rendered":"About us"},"content":{"rendered":"<div data-elementor-type=\"wp-page\" data-elementor-id=\"15\" class=\"elementor elementor-15\" data-elementor-post-type=\"page\">\n\t\t\t\t\t\t<header class=\"elementor-section elementor-top-section elementor-element elementor-element-22b4cf1 elementor-section-stretched elementor-section-height-min-height elementor-section-boxed elementor-section-height-default elementor-section-items-middle\" data-id=\"22b4cf1\" data-element_type=\"section\" data-settings=\"{&quot;stretch_section&quot;:&quot;section-stretched&quot;,&quot;background_background&quot;:&quot;classic&quot;}\">\n\t\t\t\t\t\t\t<div class=\"elementor-background-overlay\"><\/div>\n\t\t\t\t\t\t\t<div class=\"elementor-container elementor-column-gap-default\">\n\t\t\t\t\t<div class=\"elementor-column elementor-col-100 elementor-top-column elementor-element elementor-element-22688f1\" data-id=\"22688f1\" data-element_type=\"column\">\n\t\t\t<div class=\"elementor-widget-wrap elementor-element-populated\">\n\t\t\t\t\t\t<div class=\"elementor-element elementor-element-60e72ac elementor-invisible elementor-widget elementor-widget-heading\" data-id=\"60e72ac\" data-element_type=\"widget\" data-settings=\"{&quot;_animation&quot;:&quot;fadeInUp&quot;,&quot;_animation_delay&quot;:600}\" data-widget_type=\"heading.default\">\n\t\t\t\t<div class=\"elementor-widget-container\">\n\t\t\t\t\t<h1 class=\"elementor-heading-title elementor-size-default\">About us<\/h1>\t\t\t\t<\/div>\n\t\t\t\t<\/div>\n\t\t\t\t\t<\/div>\n\t\t<\/div>\n\t\t\t\t\t<\/div>\n\t\t<\/header>\n\t\t\t\t<section class=\"elementor-section elementor-top-section elementor-element elementor-element-39fe5f54 elementor-section-full_width elementor-section-height-default elementor-section-height-default\" data-id=\"39fe5f54\" data-element_type=\"section\" data-settings=\"{&quot;background_background&quot;:&quot;classic&quot;}\">\n\t\t\t\t\t\t<div class=\"elementor-container elementor-column-gap-default\">\n\t\t\t\t\t<div class=\"elementor-column elementor-col-100 elementor-top-column elementor-element elementor-element-463e72f1\" data-id=\"463e72f1\" data-element_type=\"column\">\n\t\t\t<div class=\"elementor-widget-wrap elementor-element-populated\">\n\t\t\t\t\t\t<div class=\"elementor-element elementor-element-2b7cd612 elementor-invisible elementor-widget elementor-widget-heading\" data-id=\"2b7cd612\" data-element_type=\"widget\" data-settings=\"{&quot;_animation&quot;:&quot;fadeInDown&quot;,&quot;_animation_delay&quot;:700}\" data-widget_type=\"heading.default\">\n\t\t\t\t<div class=\"elementor-widget-container\">\n\t\t\t\t\t<h2 class=\"elementor-heading-title elementor-size-default\">Get to know us<\/h2>\t\t\t\t<\/div>\n\t\t\t\t<\/div>\n\t\t\t\t\t<\/div>\n\t\t<\/div>\n\t\t\t\t\t<\/div>\n\t\t<\/section>\n\t\t\t\t<section class=\"elementor-section elementor-top-section elementor-element elementor-element-21b90103 elementor-section-full_width elementor-section-height-default elementor-section-height-default\" data-id=\"21b90103\" data-element_type=\"section\" data-settings=\"{&quot;background_background&quot;:&quot;classic&quot;}\">\n\t\t\t\t\t\t<div class=\"elementor-container elementor-column-gap-default\">\n\t\t\t\t\t<div class=\"elementor-column elementor-col-100 elementor-top-column elementor-element elementor-element-2be6f1e0 elementor-invisible\" data-id=\"2be6f1e0\" data-element_type=\"column\" data-settings=\"{&quot;animation&quot;:&quot;fadeInLeft&quot;}\">\n\t\t\t<div class=\"elementor-widget-wrap elementor-element-populated\">\n\t\t\t\t\t\t<div class=\"elementor-element elementor-element-662fd502 elementor-widget elementor-widget-text-editor\" data-id=\"662fd502\" data-element_type=\"widget\" data-widget_type=\"text-editor.default\">\n\t\t\t\t<div class=\"elementor-widget-container\">\n\t\t\t\t\t\t\t\t\t<p>Are you wondering how to improve your company&#039;s financial performance?<\/p><p>4mw Financial Experts specializes in process optimization for companies operating in the B2B services sector, integrated implementation of monthly P&amp;L reports, and creation of special performance indicators for employees and reporting on their working hours.<\/p><p>We offer support in analyzing and understanding all the components that affect business income and expenses.<\/p><p>As part of our services, we will create detailed reports from scratch, using the tools currently used in your company, such as accounting programs, time tracking, or billing systems.<\/p><p>Through collaboration, you will see savings opportunities and income-generating areas that are worth paying special attention to.<\/p><p>There is no need to hire a full-time analyst-we will complete these tasks faster and more efficiently! We recommend that you schedule a meeting to discuss how you can gain an advantage in the marketplace.<\/p><p>Welcome to contact us!<\/p>\t\t\t\t\t\t\t\t<\/div>\n\t\t\t\t<\/div>\n\t\t\t\t\t<\/div>\n\t\t<\/div>\n\t\t\t\t\t<\/div>\n\t\t<\/section>\n\t\t\t\t<section class=\"elementor-section elementor-top-section elementor-element elementor-element-11d899a elementor-section-full_width elementor-hidden-desktop elementor-hidden-tablet elementor-hidden-mobile elementor-section-height-default elementor-section-height-default\" data-id=\"11d899a\" data-element_type=\"section\" data-settings=\"{&quot;background_background&quot;:&quot;classic&quot;}\">\n\t\t\t\t\t\t<div class=\"elementor-container elementor-column-gap-default\">\n\t\t\t\t\t<div class=\"elementor-column elementor-col-100 elementor-top-column elementor-element elementor-element-71ecb4c elementor-invisible\" data-id=\"71ecb4c\" data-element_type=\"column\" data-settings=\"{&quot;animation&quot;:&quot;fadeInLeft&quot;}\">\n\t\t\t<div class=\"elementor-widget-wrap elementor-element-populated\">\n\t\t\t\t\t\t<div class=\"elementor-element elementor-element-e7f2f30 elementor-widget elementor-widget-text-editor\" data-id=\"e7f2f30\" data-element_type=\"widget\" data-widget_type=\"text-editor.default\">\n\t\t\t\t<div class=\"elementor-widget-container\">\n\t\t\t\t\t\t\t\t\t<p><em>Dear Ladies And Gentlemen,,<br \/><\/em>Are you thinking about ways to improve your company&#039;s financial performance? Our company, <b>4MW Financial Expertises<\/b>, specializes in the comprehensive creation of special P &amp; L reports that meet the needs of your business.<\/p><p>We offer support in analyzing and understanding all the components that affect business income and expenses.<br \/>As part of our services, we create detailed reports from scratch, using the tools currently used in your company, such as accounting programs, time tracking, or billing systems.<\/p><p>Our integrated approach, based on a narrow specialization, will allow your managers to constantly and accurately track their expenses and income.<\/p><p>Moreover, we will provide you with clear and readable reports that will help you see new savings opportunities and revenue-generating areas that are worth paying special attention to.<\/p><p>There is no need to hire a full-time analyst-we will complete these tasks faster and more efficiently! I encourage you to schedule a meeting where I will explain how you can gain an advantage in the marketplace. Our conversation will only take a minute of your time.<\/p><p><em>We are waiting for your contact!<\/em><\/p>\t\t\t\t\t\t\t\t<\/div>\n\t\t\t\t<\/div>\n\t\t\t\t\t<\/div>\n\t\t<\/div>\n\t\t\t\t\t<\/div>\n\t\t<\/section>\n\t\t<section class=\"elementor-element elementor-element-eee6d2a e-con-full elementor-hidden-desktop elementor-hidden-tablet elementor-hidden-mobile e-flex e-con e-parent\" data-id=\"eee6d2a\" data-element_type=\"container\" data-settings=\"{&quot;background_background&quot;:&quot;classic&quot;}\">\n\t\t<div class=\"elementor-element elementor-element-c330de3 e-con-full e-flex e-con e-child\" data-id=\"c330de3\" data-element_type=\"container\">\n\t\t\t\t<div class=\"elementor-element elementor-element-0eab1e4 envato-kit-62-ttl-green elementor-invisible elementor-widget elementor-widget-heading\" data-id=\"0eab1e4\" data-element_type=\"widget\" data-settings=\"{&quot;_animation&quot;:&quot;fadeInRight&quot;}\" data-widget_type=\"heading.default\">\n\t\t\t\t<div class=\"elementor-widget-container\">\n\t\t\t\t\t<h6 class=\"elementor-heading-title elementor-size-default\">What should we do?<\/h6>\t\t\t\t<\/div>\n\t\t\t\t<\/div>\n\t\t\t\t<div class=\"elementor-element elementor-element-b448c2f elementor-invisible elementor-widget elementor-widget-heading\" data-id=\"b448c2f\" data-element_type=\"widget\" data-settings=\"{&quot;_animation&quot;:&quot;fadeInLeft&quot;,&quot;_animation_delay&quot;:20}\" data-widget_type=\"heading.default\">\n\t\t\t\t<div class=\"elementor-widget-container\">\n\t\t\t\t\t<h2 class=\"elementor-heading-title elementor-size-default\">Work with us<\/h2>\t\t\t\t<\/div>\n\t\t\t\t<\/div>\n\t\t<div class=\"elementor-element elementor-element-25d8029 e-con-full e-flex e-con e-child\" data-id=\"25d8029\" data-element_type=\"container\">\n\t\t<div class=\"elementor-element elementor-element-122c0c5 e-con-full e-flex e-con e-child\" data-id=\"122c0c5\" data-element_type=\"container\">\n\t\t<div class=\"elementor-element elementor-element-e509f4b e-con-full e-flex e-con e-child\" data-id=\"e509f4b\" data-element_type=\"container\">\n\t\t\t\t<div class=\"elementor-element elementor-element-c34158b elementor-invisible elementor-widget elementor-widget-image\" data-id=\"c34158b\" data-element_type=\"widget\" data-settings=\"{&quot;_animation&quot;:&quot;fadeIn&quot;}\" data-widget_type=\"image.default\">\n\t\t\t\t<div class=\"elementor-widget-container\">\n\t\t\t\t\t\t\t\t\t\t\t\t\t\t\t<img fetchpriority=\"high\" decoding=\"async\" width=\"768\" height=\"419\" src=\"https:\/\/4mw.dfirma.pl\/wp-content\/uploads\/2025\/02\/banner-glowny-768x419.png\" class=\"attachment-medium_large size-medium_large wp-image-169\" alt=\"\" srcset=\"https:\/\/4mw.dfirma.pl\/wp-content\/uploads\/2025\/02\/banner-glowny-768x419.png 768w, https:\/\/4mw.dfirma.pl\/wp-content\/uploads\/2025\/02\/banner-glowny-300x164.png 300w, https:\/\/4mw.dfirma.pl\/wp-content\/uploads\/2025\/02\/banner-glowny-1024x559.png 1024w, https:\/\/4mw.dfirma.pl\/wp-content\/uploads\/2025\/02\/banner-glowny.png 1408w\" sizes=\"(max-width: 768px) 100vw, 768px\" \/>\t\t\t\t\t\t\t\t\t\t\t\t\t\t\t<\/div>\n\t\t\t\t<\/div>\n\t\t\t\t<\/div>\n\t\t<div class=\"elementor-element elementor-element-ac0e777 e-con-full e-flex elementor-invisible e-con e-child\" data-id=\"ac0e777\" data-element_type=\"container\" data-settings=\"{&quot;animation&quot;:&quot;zoomIn&quot;}\">\n\t\t\t\t<div class=\"elementor-element elementor-element-ee77738 elementor-widget elementor-widget-heading\" data-id=\"ee77738\" data-element_type=\"widget\" data-widget_type=\"heading.default\">\n\t\t\t\t<div class=\"elementor-widget-container\">\n\t\t\t\t\t<h3 class=\"elementor-heading-title elementor-size-default\">P &amp; L Reports<\/h3>\t\t\t\t<\/div>\n\t\t\t\t<\/div>\n\t\t\t\t<div class=\"elementor-element elementor-element-88c25d4 elementor-widget elementor-widget-text-editor\" data-id=\"88c25d4\" data-element_type=\"widget\" data-widget_type=\"text-editor.default\">\n\t\t\t\t<div class=\"elementor-widget-container\">\n\t\t\t\t\t\t\t\t\t<p>We create detailed income and expense reports to help you:<\/p><ul><li>Understanding the company&#039;s financial structure<\/li><li>Identify areas that need optimization<\/li><li>Plan your development based on a budget<\/li><li>Make informed business decisions<\/li><li>Build a real annual budget<\/li><\/ul>\t\t\t\t\t\t\t\t<\/div>\n\t\t\t\t<\/div>\n\t\t\t\t<\/div>\n\t\t\t\t<div class=\"elementor-element elementor-element-5dda1e7 elementor-align-left elementor-invisible elementor-widget elementor-widget-button\" data-id=\"5dda1e7\" data-element_type=\"widget\" data-settings=\"{&quot;_animation&quot;:&quot;fadeInDown&quot;}\" data-widget_type=\"button.default\">\n\t\t\t\t<div class=\"elementor-widget-container\">\n\t\t\t\t\t\t\t\t\t<div class=\"elementor-button-wrapper\">\n\t\t\t\t\t<a class=\"elementor-button elementor-button-link elementor-size-sm\" href=\"https:\/\/4mw.dfirma.pl\/en\/uslug\/#raporty\">\n\t\t\t\t\t\t<span class=\"elementor-button-content-wrapper\">\n\t\t\t\t\t\t\t\t\t<span class=\"elementor-button-text\">To learn more<\/span>\n\t\t\t\t\t<\/span>\n\t\t\t\t\t<\/a>\n\t\t\t\t<\/div>\n\t\t\t\t\t\t\t\t<\/div>\n\t\t\t\t<\/div>\n\t\t\t\t<\/div>\n\t\t<div class=\"elementor-element elementor-element-9d1cb0f e-con-full e-flex e-con e-child\" data-id=\"9d1cb0f\" data-element_type=\"container\">\n\t\t<div class=\"elementor-element elementor-element-a4f5eac e-con-full e-flex e-con e-child\" data-id=\"a4f5eac\" data-element_type=\"container\">\n\t\t\t\t<div class=\"elementor-element elementor-element-114353d elementor-invisible elementor-widget elementor-widget-image\" data-id=\"114353d\" data-element_type=\"widget\" data-settings=\"{&quot;_animation&quot;:&quot;fadeIn&quot;,&quot;_animation_delay&quot;:200}\" data-widget_type=\"image.default\">\n\t\t\t\t<div class=\"elementor-widget-container\">\n\t\t\t\t\t\t\t\t\t\t\t\t\t\t\t<img decoding=\"async\" width=\"768\" height=\"419\" src=\"https:\/\/4mw.dfirma.pl\/wp-content\/uploads\/2025\/02\/banner-dolny-768x419.png\" class=\"attachment-medium_large size-medium_large wp-image-214\" alt=\"\" srcset=\"https:\/\/4mw.dfirma.pl\/wp-content\/uploads\/2025\/02\/banner-dolny-768x419.png 768w, https:\/\/4mw.dfirma.pl\/wp-content\/uploads\/2025\/02\/banner-dolny-300x164.png 300w, https:\/\/4mw.dfirma.pl\/wp-content\/uploads\/2025\/02\/banner-dolny-1024x559.png 1024w, https:\/\/4mw.dfirma.pl\/wp-content\/uploads\/2025\/02\/banner-dolny.png 1408w\" sizes=\"(max-width: 768px) 100vw, 768px\" \/>\t\t\t\t\t\t\t\t\t\t\t\t\t\t\t<\/div>\n\t\t\t\t<\/div>\n\t\t\t\t<\/div>\n\t\t<div class=\"elementor-element elementor-element-0318b9e e-con-full e-flex elementor-invisible e-con e-child\" data-id=\"0318b9e\" data-element_type=\"container\" data-settings=\"{&quot;animation&quot;:&quot;zoomIn&quot;}\">\n\t\t\t\t<div class=\"elementor-element elementor-element-7d2abd9 elementor-widget elementor-widget-heading\" data-id=\"7d2abd9\" data-element_type=\"widget\" data-widget_type=\"heading.default\">\n\t\t\t\t<div class=\"elementor-widget-container\">\n\t\t\t\t\t<h3 class=\"elementor-heading-title elementor-size-default\">KPI Accuracy<\/h3>\t\t\t\t<\/div>\n\t\t\t\t<\/div>\n\t\t\t\t<div class=\"elementor-element elementor-element-095950c elementor-widget elementor-widget-text-editor\" data-id=\"095950c\" data-element_type=\"widget\" data-widget_type=\"text-editor.default\">\n\t\t\t\t<div class=\"elementor-widget-container\">\n\t\t\t\t\t\t\t\t\t<p>KPI-business performance monitoring. We create metrics that match your business type and enable you to perform effectively:<\/p><ul><li>Measure the effectiveness of your teams<\/li><li>Optimize your processes<\/li><li>Make better decisions<\/li><li>Scale your business more efficiently<\/li><\/ul>\t\t\t\t\t\t\t\t<\/div>\n\t\t\t\t<\/div>\n\t\t\t\t<\/div>\n\t\t\t\t<div class=\"elementor-element elementor-element-bab0399 elementor-align-left elementor-invisible elementor-widget elementor-widget-button\" data-id=\"bab0399\" data-element_type=\"widget\" data-settings=\"{&quot;_animation&quot;:&quot;fadeInDown&quot;}\" data-widget_type=\"button.default\">\n\t\t\t\t<div class=\"elementor-widget-container\">\n\t\t\t\t\t\t\t\t\t<div class=\"elementor-button-wrapper\">\n\t\t\t\t\t<a class=\"elementor-button elementor-button-link elementor-size-sm\" href=\"https:\/\/4mw.dfirma.pl\/en\/uslugi\/#kpi\">\n\t\t\t\t\t\t<span class=\"elementor-button-content-wrapper\">\n\t\t\t\t\t\t\t\t\t<span class=\"elementor-button-text\">To learn more<\/span>\n\t\t\t\t\t<\/span>\n\t\t\t\t\t<\/a>\n\t\t\t\t<\/div>\n\t\t\t\t\t\t\t\t<\/div>\n\t\t\t\t<\/div>\n\t\t\t\t<\/div>\n\t\t<div class=\"elementor-element elementor-element-c259dd2 e-con-full e-flex e-con e-child\" data-id=\"c259dd2\" data-element_type=\"container\">\n\t\t<div class=\"elementor-element elementor-element-5ff50f8 e-con-full e-flex e-con e-child\" data-id=\"5ff50f8\" data-element_type=\"container\">\n\t\t\t\t<div class=\"elementor-element elementor-element-c840b31 elementor-invisible elementor-widget elementor-widget-image\" data-id=\"c840b31\" data-element_type=\"widget\" data-settings=\"{&quot;_animation&quot;:&quot;fadeIn&quot;,&quot;_animation_delay&quot;:400}\" data-widget_type=\"image.default\">\n\t\t\t\t<div class=\"elementor-widget-container\">\n\t\t\t\t\t\t\t\t\t\t\t\t\t\t\t<img decoding=\"async\" width=\"768\" height=\"419\" src=\"https:\/\/4mw.dfirma.pl\/wp-content\/uploads\/2025\/02\/banner-dolny-768x419.png\" class=\"attachment-medium_large size-medium_large wp-image-214\" alt=\"\" srcset=\"https:\/\/4mw.dfirma.pl\/wp-content\/uploads\/2025\/02\/banner-dolny-768x419.png 768w, https:\/\/4mw.dfirma.pl\/wp-content\/uploads\/2025\/02\/banner-dolny-300x164.png 300w, https:\/\/4mw.dfirma.pl\/wp-content\/uploads\/2025\/02\/banner-dolny-1024x559.png 1024w, https:\/\/4mw.dfirma.pl\/wp-content\/uploads\/2025\/02\/banner-dolny.png 1408w\" sizes=\"(max-width: 768px) 100vw, 768px\" \/>\t\t\t\t\t\t\t\t\t\t\t\t\t\t\t<\/div>\n\t\t\t\t<\/div>\n\t\t\t\t<\/div>\n\t\t<div class=\"elementor-element elementor-element-d60e0b1 e-con-full e-flex elementor-invisible e-con e-child\" data-id=\"d60e0b1\" data-element_type=\"container\" data-settings=\"{&quot;animation&quot;:&quot;zoomIn&quot;}\">\n\t\t\t\t<div class=\"elementor-element elementor-element-0d15e87 elementor-widget elementor-widget-heading\" data-id=\"0d15e87\" data-element_type=\"widget\" data-widget_type=\"heading.default\">\n\t\t\t\t<div class=\"elementor-widget-container\">\n\t\t\t\t\t<h3 class=\"elementor-heading-title elementor-size-default\">Process optimization<\/h3>\t\t\t\t<\/div>\n\t\t\t\t<\/div>\n\t\t\t\t<div class=\"elementor-element elementor-element-388a5df elementor-widget elementor-widget-text-editor\" data-id=\"388a5df\" data-element_type=\"widget\" data-widget_type=\"text-editor.default\">\n\t\t\t\t<div class=\"elementor-widget-container\">\n\t\t\t\t\t\t\t\t\t<p>We help you improve your processes by:<\/p><ul class=\"[&amp;:not(:last-child)_ul]:pb-1 [&amp;:not(:last-child)_ol]:pb-1 list-disc space-y-1.5 pl-7\"><li class=\"whitespace-normal break-words\">Audit of current processes<\/li><li class=\"whitespace-normal break-words\">Identifying areas for improvement<\/li><li class=\"whitespace-normal break-words\">Implementation of effective solutions<\/li><li class=\"whitespace-normal break-words\">Team Training<\/li><\/ul>\t\t\t\t\t\t\t\t<\/div>\n\t\t\t\t<\/div>\n\t\t\t\t<\/div>\n\t\t\t\t<div class=\"elementor-element elementor-element-bd83e11 elementor-align-left elementor-invisible elementor-widget elementor-widget-button\" data-id=\"bd83e11\" data-element_type=\"widget\" data-settings=\"{&quot;_animation&quot;:&quot;fadeInDown&quot;}\" data-widget_type=\"button.default\">\n\t\t\t\t<div class=\"elementor-widget-container\">\n\t\t\t\t\t\t\t\t\t<div class=\"elementor-button-wrapper\">\n\t\t\t\t\t<a class=\"elementor-button elementor-button-link elementor-size-sm\" href=\"https:\/\/4mw.dfirma.pl\/en\/uslugi\/#optymalizacja\">\n\t\t\t\t\t\t<span class=\"elementor-button-content-wrapper\">\n\t\t\t\t\t\t\t\t\t<span class=\"elementor-button-text\">To learn more<\/span>\n\t\t\t\t\t<\/span>\n\t\t\t\t\t<\/a>\n\t\t\t\t<\/div>\n\t\t\t\t\t\t\t\t<\/div>\n\t\t\t\t<\/div>\n\t\t\t\t<\/div>\n\t\t\t\t<\/div>\n\t\t\t\t<\/div>\n\t\t\t\t<\/section>\n\t\t\t\t<section class=\"elementor-section elementor-top-section elementor-element elementor-element-1149de3d elementor-section-full_width elementor-section-height-default elementor-section-height-default\" data-id=\"1149de3d\" data-element_type=\"section\" data-settings=\"{&quot;background_background&quot;:&quot;classic&quot;}\">\n\t\t\t\t\t\t\t<div class=\"elementor-background-overlay\"><\/div>\n\t\t\t\t\t\t\t<div class=\"elementor-container elementor-column-gap-default\">\n\t\t\t\t\t<div class=\"elementor-column elementor-col-100 elementor-top-column elementor-element elementor-element-220dbbfa\" data-id=\"220dbbfa\" data-element_type=\"column\">\n\t\t\t<div class=\"elementor-widget-wrap elementor-element-populated\">\n\t\t\t\t\t\t<div class=\"elementor-element elementor-element-2ad5f1bb elementor-invisible elementor-widget elementor-widget-heading\" data-id=\"2ad5f1bb\" data-element_type=\"widget\" data-settings=\"{&quot;_animation&quot;:&quot;fadeInLeft&quot;,&quot;_animation_delay&quot;:200}\" data-widget_type=\"heading.default\">\n\t\t\t\t<div class=\"elementor-widget-container\">\n\t\t\t\t\t<h2 class=\"elementor-heading-title elementor-size-default\">Better understand your business&#039;s finances<\/h2>\t\t\t\t<\/div>\n\t\t\t\t<\/div>\n\t\t\t\t<div class=\"elementor-element elementor-element-1451089 elementor-widget elementor-widget-heading\" data-id=\"1451089\" data-element_type=\"widget\" data-widget_type=\"heading.default\">\n\t\t\t\t<div class=\"elementor-widget-container\">\n\t\t\t\t\t<h3 class=\"elementor-heading-title elementor-size-default\">We turn complex financial data into practical business knowledge. <\/br>Learn how transparent P &amp; L reports can help your business grow.<\/h3>\t\t\t\t<\/div>\n\t\t\t\t<\/div>\n\t\t\t\t<div class=\"elementor-element elementor-element-b3f78c0 elementor-align-center elementor-widget elementor-widget-button\" data-id=\"b3f78c0\" data-element_type=\"widget\" data-widget_type=\"button.default\">\n\t\t\t\t<div class=\"elementor-widget-container\">\n\t\t\t\t\t\t\t\t\t<div class=\"elementor-button-wrapper\">\n\t\t\t\t\t<a class=\"elementor-button elementor-button-link elementor-size-sm\" href=\"https:\/\/4mw.dfirma.pl\/en\/kontakt\/\">\n\t\t\t\t\t\t<span class=\"elementor-button-content-wrapper\">\n\t\t\t\t\t\t\t\t\t<span class=\"elementor-button-text\">Let&#039;s talk about your business<\/span>\n\t\t\t\t\t<\/span>\n\t\t\t\t\t<\/a>\n\t\t\t\t<\/div>\n\t\t\t\t\t\t\t\t<\/div>\n\t\t\t\t<\/div>\n\t\t\t\t\t<\/div>\n\t\t<\/div>\n\t\t\t\t\t<\/div>\n\t\t<\/section>\n\t\t\t\t<\/div>","protected":false},"excerpt":{"rendered":"<p>O nas Poznaj nas Czy zastanawiasz si\u0119 jak poprawi\u0107 wyniki finansowe Twojej firmy? 4MW Financial Expertises specjalizuje si\u0119 w optymalizacjach [&hellip;]<\/p>","protected":false},"author":1,"featured_media":0,"parent":0,"menu_order":0,"comment_status":"closed","ping_status":"closed","template":"","meta":{"site-sidebar-layout":"no-sidebar","site-content-layout":"","ast-site-content-layout":"full-width-container","site-content-style":"default","site-sidebar-style":"default","ast-global-header-display":"","ast-banner-title-visibility":"","ast-main-header-display":"","ast-hfb-above-header-display":"","ast-hfb-below-header-display":"","ast-hfb-mobile-header-display":"","site-post-title":"disabled","ast-breadcrumbs-content":"","ast-featured-img":"disabled","footer-sml-layout":"","theme-transparent-header-meta":"","adv-header-id-meta":"","stick-header-meta":"","header-above-stick-meta":"","header-main-stick-meta":"","header-below-stick-meta":"","astra-migrate-meta-layouts":"default","ast-page-background-enabled":"default","ast-page-background-meta":{"desktop":{"background-color":"var(--ast-global-color-5)","background-image":"","background-repeat":"repeat","background-position":"center center","background-size":"auto","background-attachment":"scroll","background-type":"","background-media":"","overlay-type":"","overlay-color":"","overlay-opacity":"","overlay-gradient":""},"tablet":{"background-color":"","background-image":"","background-repeat":"repeat","background-position":"center center","background-size":"auto","background-attachment":"scroll","background-type":"","background-media":"","overlay-type":"","overlay-color":"","overlay-opacity":"","overlay-gradient":""},"mobile":{"background-color":"","background-image":"","background-repeat":"repeat","background-position":"center center","background-size":"auto","background-attachment":"scroll","background-type":"","background-media":"","overlay-type":"","overlay-color":"","overlay-opacity":"","overlay-gradient":""}},"ast-content-background-meta":{"desktop":{"background-color":"var(--ast-global-color-4)","background-image":"","background-repeat":"repeat","background-position":"center center","background-size":"auto","background-attachment":"scroll","background-type":"","background-media":"","overlay-type":"","overlay-color":"","overlay-opacity":"","overlay-gradient":""},"tablet":{"background-color":"var(--ast-global-color-4)","background-image":"","background-repeat":"repeat","background-position":"center center","background-size":"auto","background-attachment":"scroll","background-type":"","background-media":"","overlay-type":"","overlay-color":"","overlay-opacity":"","overlay-gradient":""},"mobile":{"background-color":"var(--ast-global-color-4)","background-image":"","background-repeat":"repeat","background-position":"center center","background-size":"auto","background-attachment":"scroll","background-type":"","background-media":"","overlay-type":"","overlay-color":"","overlay-opacity":"","overlay-gradient":""}},"footnotes":""},"class_list":["post-15","page","type-page","status-publish","hentry"],"_links":{"self":[{"href":"https:\/\/4mw.dfirma.pl\/en\/wp-json\/wp\/v2\/pages\/15","targetHints":{"allow":["GET"]}}],"collection":[{"href":"https:\/\/4mw.dfirma.pl\/en\/wp-json\/wp\/v2\/pages"}],"about":[{"href":"https:\/\/4mw.dfirma.pl\/en\/wp-json\/wp\/v2\/types\/page"}],"author":[{"embeddable":true,"href":"https:\/\/4mw.dfirma.pl\/en\/wp-json\/wp\/v2\/users\/1"}],"replies":[{"embeddable":true,"href":"https:\/\/4mw.dfirma.pl\/en\/wp-json\/wp\/v2\/comments?post=15"}],"version-history":[{"count":96,"href":"https:\/\/4mw.dfirma.pl\/en\/wp-json\/wp\/v2\/pages\/15\/revisions"}],"predecessor-version":[{"id":699,"href":"https:\/\/4mw.dfirma.pl\/en\/wp-json\/wp\/v2\/pages\/15\/revisions\/699"}],"wp:attachment":[{"href":"https:\/\/4mw.dfirma.pl\/en\/wp-json\/wp\/v2\/media?parent=15"}],"curies":[{"name":"wp","href":"https:\/\/api.w.org\/{rel}","templated":true}]}}